{"id":41,"date":"2018-05-28T10:23:11","date_gmt":"2018-05-28T10:23:11","guid":{"rendered":"http:\/\/multipurpose.loc\/hotel\/?page_id=41"},"modified":"2021-01-20T04:49:23","modified_gmt":"2021-01-20T04:49:23","slug":"rooms-list","status":"publish","type":"page","link":"https:\/\/apartments-haluga.com\/hr\/rooms-list\/","title":{"rendered":"Apartmani"},"content":{"rendered":"<div class=\"container vc_container\" ><div class=\"vc_row wpb_row vc_row-fluid\"><div class=\"wpb_column vc_column_container vc_col-sm-12\">\n    <div class=\"vc_column-inner\">\n        <div class=\"wpb_wrapper\">\n            \n<div class=\"stm_wp_hotelier_rooms_list stm_wp_hotelier_rooms_list_style_1 white_nav post-41 page type-page status-publish hentry\">\n    <div class=\"stm-rooms-types\">\n\t\t                <ul class=\"list-unstyled\">\n\t\t\t\t\t                        <li class=\"active\" data-type=\"standard\">\n                            <a href=\"https:\/\/apartments-haluga.com\/hr\/rooms-list\/?room_type=standard\" class=\"mbdc sbc_a\">\n\t\t\t\t\t\t\t\tStandard                            <\/a>\n                        <\/li>\n\t\t\t\t\t                <\/ul>\n\t\t\t    <\/div>\n\n    <div class=\"room-list-wrapper\">\n\t\t\t\t\t\n\n\t\t\t\t\n                    <div class=\"stm-rooms-list standard\">\n\t\t\t\t\t\t            <div class=\"room\">\n                <div class=\"inner\">\n                    <div class=\"room__image\">\n                        <a href=\"https:\/\/apartments-haluga.com\/hr\/rooms\/big-apartment\/\">\n\t\t\t\t\t\t\t<img loading=\"lazy\" decoding=\"async\" class=\"\" src=\"https:\/\/apartments-haluga.com\/wp-content\/uploads\/2018\/08\/Dnevni1-1.jpg\" width=\"370\" height=\"210\" alt=\"Big Apartment\" title=\"Veliki Apartman\" \/>                            <div class=\"room__price mbc heading_font\">\n                                <span>&#36;30.00<\/span>                            <\/div>\n                        <\/a>\n                    <\/div>\n\n                    <div class=\"room__content\">\n                        <div class=\"room__title\">\n                            <h3>\n                                <a class=\"ttc no_deco mtc_h\" href=\"https:\/\/apartments-haluga.com\/hr\/rooms\/big-apartment\/\">\n\t\t\t\t\t\t\t\t\tVeliki Apartman                                <\/a>\n                            <\/h3>\n                        <\/div>\n                        <div class=\"room__excerpt\">\n\t\t\t\t\t\t\tBig apartment size 100m2, with 2 double sized bedrooms and 2 extra beds, balc...                        <\/div>\n\n\t\t\t\t\t\t\n\n<div class=\"room_info\">\n\t\t\t\t\t\t<div class=\"room_info__single\">\n\t\t\t\t<i class=\"mtc stmicon-guest\"><\/i>\n\t\t\t\t<span class=\"ttc heading_font_family\">4<\/span>\n\t\t\t<\/div>\n\t\t\t\t\t\t\t\t\t\t\t<div class=\"room_info__single\">\n\t\t\t\t<i class=\"mtc stmicon-bed2\"><\/i>\n\t\t\t\t<span class=\"ttc heading_font_family\">2 double<\/span>\n\t\t\t<\/div>\n\t\t\t\t\t\t\t\t<div class=\"room_info__single\">\n\t\t\t\t<i class=\"mtc stmicon-ruler\"><\/i>\n\t\t\t\t<span class=\"ttc heading_font_family\">100<\/span>\n\t\t\t<\/div>\n\t\t\t<\/div>\n\n                    <\/div>\n                <\/div>\n            <\/div>\n\t\t\t            <div class=\"room\">\n                <div class=\"inner\">\n                    <div class=\"room__image\">\n                        <a href=\"https:\/\/apartments-haluga.com\/hr\/rooms\/small-apartment\/\">\n\t\t\t\t\t\t\t<img loading=\"lazy\" decoding=\"async\" class=\"\" src=\"https:\/\/apartments-haluga.com\/wp-content\/uploads\/2018\/07\/Small-Apartment.jpg\" width=\"370\" height=\"210\" alt=\"Small Apartment\" title=\"Mali Apartman\" \/>                            <div class=\"room__price mbc heading_font\">\n                                <span>&#36;30.00<\/span>                            <\/div>\n                        <\/a>\n                    <\/div>\n\n                    <div class=\"room__content\">\n                        <div class=\"room__title\">\n                            <h3>\n                                <a class=\"ttc no_deco mtc_h\" href=\"https:\/\/apartments-haluga.com\/hr\/rooms\/small-apartment\/\">\n\t\t\t\t\t\t\t\t\tMali Apartman                                <\/a>\n                            <\/h3>\n                        <\/div>\n                        <div class=\"room__excerpt\">\n\t\t\t\t\t\t\tSmall apartment size 50m2, with 1 double sized bedroom and 1 extra bed, balco...                        <\/div>\n\n\t\t\t\t\t\t\n\n<div class=\"room_info\">\n\t\t\t\t\t\t<div class=\"room_info__single\">\n\t\t\t\t<i class=\"mtc stmicon-guest\"><\/i>\n\t\t\t\t<span class=\"ttc heading_font_family\">2<\/span>\n\t\t\t<\/div>\n\t\t\t\t\t\t\t\t\t\t\t<div class=\"room_info__single\">\n\t\t\t\t<i class=\"mtc stmicon-bed2\"><\/i>\n\t\t\t\t<span class=\"ttc heading_font_family\">1 double + 1 extra<\/span>\n\t\t\t<\/div>\n\t\t\t\t\t\t\t\t<div class=\"room_info__single\">\n\t\t\t\t<i class=\"mtc stmicon-ruler\"><\/i>\n\t\t\t\t<span class=\"ttc heading_font_family\">50<\/span>\n\t\t\t<\/div>\n\t\t\t<\/div>\n\n                    <\/div>\n                <\/div>\n            <\/div>\n\t\t\t                    <\/div>\n\n\t\t\t\t\n\t\t\t\t    <\/div>\n<\/div>\n\n\n        <\/div>\n    <\/div>\n<\/div><\/div><\/div>","protected":false},"excerpt":{"rendered":"Mali apartman veli\u010dine 50m2, s jednom spava\u0107om sobom s king-sized krevetom i jednim pomo\u0107nim le\u017eajem, balkonom s prekrasnim pogledom, kuhinjom, dnevnim boravkom i kupaonicom. &nbsp;","protected":false},"author":1,"featured_media":0,"parent":0,"menu_order":0,"comment_status":"closed","ping_status":"closed","template":"","meta":{"footnotes":""},"class_list":["post-41","page","type-page","status-publish","hentry"],"yoast_head":"<!-- This site is optimized with the Yoast SEO plugin v27.4 - https:\/\/yoast.com\/product\/yoast-seo-wordpress\/ -->\n<title>Apartments Haluga - Rooms<\/title>\n<meta name=\"description\" content=\"Apartments Halugica are located on the beautiful island of Pag. Apartments Halugica consist of 2 fully equipped apartments of 100m2 and 50m2.\" \/>\n<meta name=\"robots\" content=\"index, follow, max-snippet:-1, max-image-preview:large, max-video-preview:-1\" \/>\n<link rel=\"canonical\" href=\"https:\/\/apartments-haluga.com\/hr\/rooms-list\/\" \/>\n<meta property=\"og:locale\" content=\"hr_HR\" \/>\n<meta property=\"og:type\" content=\"article\" \/>\n<meta property=\"og:title\" content=\"Apartments Haluga - Rooms\" \/>\n<meta property=\"og:description\" content=\"Apartments Halugica are located on the beautiful island of Pag. Apartments Halugica consist of 2 fully equipped apartments of 100m2 and 50m2.\" \/>\n<meta property=\"og:url\" content=\"https:\/\/apartments-haluga.com\/hr\/rooms-list\/\" \/>\n<meta property=\"og:site_name\" content=\"Apartments Haluga\" \/>\n<meta property=\"article:modified_time\" content=\"2021-01-20T04:49:23+00:00\" \/>\n<meta name=\"twitter:card\" content=\"summary_large_image\" \/>\n<script type=\"application\/ld+json\" class=\"yoast-schema-graph\">{\"@context\":\"https:\\\/\\\/schema.org\",\"@graph\":[{\"@type\":\"WebPage\",\"@id\":\"https:\\\/\\\/apartments-haluga.com\\\/rooms-list\\\/\",\"url\":\"https:\\\/\\\/apartments-haluga.com\\\/rooms-list\\\/\",\"name\":\"Apartments Haluga - Rooms\",\"isPartOf\":{\"@id\":\"https:\\\/\\\/apartments-haluga.com\\\/#website\"},\"datePublished\":\"2018-05-28T10:23:11+00:00\",\"dateModified\":\"2021-01-20T04:49:23+00:00\",\"description\":\"Apartments Halugica are located on the beautiful island of Pag. Apartments Halugica consist of 2 fully equipped apartments of 100m2 and 50m2.\",\"breadcrumb\":{\"@id\":\"https:\\\/\\\/apartments-haluga.com\\\/rooms-list\\\/#breadcrumb\"},\"inLanguage\":\"hr\",\"potentialAction\":[{\"@type\":\"ReadAction\",\"target\":[\"https:\\\/\\\/apartments-haluga.com\\\/rooms-list\\\/\"]}]},{\"@type\":\"BreadcrumbList\",\"@id\":\"https:\\\/\\\/apartments-haluga.com\\\/rooms-list\\\/#breadcrumb\",\"itemListElement\":[{\"@type\":\"ListItem\",\"position\":1,\"name\":\"Home\",\"item\":\"https:\\\/\\\/apartments-haluga.com\\\/\"},{\"@type\":\"ListItem\",\"position\":2,\"name\":\"Rooms\"}]},{\"@type\":\"WebSite\",\"@id\":\"https:\\\/\\\/apartments-haluga.com\\\/#website\",\"url\":\"https:\\\/\\\/apartments-haluga.com\\\/\",\"name\":\"Apartments Haluga\",\"description\":\"Apartments\",\"publisher\":{\"@id\":\"https:\\\/\\\/apartments-haluga.com\\\/#organization\"},\"potentialAction\":[{\"@type\":\"SearchAction\",\"target\":{\"@type\":\"EntryPoint\",\"urlTemplate\":\"https:\\\/\\\/apartments-haluga.com\\\/?s={search_term_string}\"},\"query-input\":{\"@type\":\"PropertyValueSpecification\",\"valueRequired\":true,\"valueName\":\"search_term_string\"}}],\"inLanguage\":\"hr\"},{\"@type\":\"Organization\",\"@id\":\"https:\\\/\\\/apartments-haluga.com\\\/#organization\",\"name\":\"Apartments Haluga\",\"url\":\"https:\\\/\\\/apartments-haluga.com\\\/\",\"logo\":{\"@type\":\"ImageObject\",\"inLanguage\":\"hr\",\"@id\":\"https:\\\/\\\/apartments-haluga.com\\\/#\\\/schema\\\/logo\\\/image\\\/\",\"url\":\"https:\\\/\\\/apartments-haluga.com\\\/wp-content\\\/uploads\\\/2021\\\/01\\\/favicon.png\",\"contentUrl\":\"https:\\\/\\\/apartments-haluga.com\\\/wp-content\\\/uploads\\\/2021\\\/01\\\/favicon.png\",\"width\":61,\"height\":84,\"caption\":\"Apartments Haluga\"},\"image\":{\"@id\":\"https:\\\/\\\/apartments-haluga.com\\\/#\\\/schema\\\/logo\\\/image\\\/\"}}]}<\/script>\n<!-- \/ Yoast SEO plugin. -->","yoast_head_json":{"title":"Apartments Haluga - Rooms","description":"Apartments Halugica are located on the beautiful island of Pag. Apartments Halugica consist of 2 fully equipped apartments of 100m2 and 50m2.","robots":{"index":"index","follow":"follow","max-snippet":"max-snippet:-1","max-image-preview":"max-image-preview:large","max-video-preview":"max-video-preview:-1"},"canonical":"https:\/\/apartments-haluga.com\/hr\/rooms-list\/","og_locale":"hr_HR","og_type":"article","og_title":"Apartments Haluga - Rooms","og_description":"Apartments Halugica are located on the beautiful island of Pag. Apartments Halugica consist of 2 fully equipped apartments of 100m2 and 50m2.","og_url":"https:\/\/apartments-haluga.com\/hr\/rooms-list\/","og_site_name":"Apartments Haluga","article_modified_time":"2021-01-20T04:49:23+00:00","twitter_card":"summary_large_image","schema":{"@context":"https:\/\/schema.org","@graph":[{"@type":"WebPage","@id":"https:\/\/apartments-haluga.com\/rooms-list\/","url":"https:\/\/apartments-haluga.com\/rooms-list\/","name":"Apartments Haluga - Rooms","isPartOf":{"@id":"https:\/\/apartments-haluga.com\/#website"},"datePublished":"2018-05-28T10:23:11+00:00","dateModified":"2021-01-20T04:49:23+00:00","description":"Apartments Halugica are located on the beautiful island of Pag. Apartments Halugica consist of 2 fully equipped apartments of 100m2 and 50m2.","breadcrumb":{"@id":"https:\/\/apartments-haluga.com\/rooms-list\/#breadcrumb"},"inLanguage":"hr","potentialAction":[{"@type":"ReadAction","target":["https:\/\/apartments-haluga.com\/rooms-list\/"]}]},{"@type":"BreadcrumbList","@id":"https:\/\/apartments-haluga.com\/rooms-list\/#breadcrumb","itemListElement":[{"@type":"ListItem","position":1,"name":"Home","item":"https:\/\/apartments-haluga.com\/"},{"@type":"ListItem","position":2,"name":"Rooms"}]},{"@type":"WebSite","@id":"https:\/\/apartments-haluga.com\/#website","url":"https:\/\/apartments-haluga.com\/","name":"Apartments Haluga","description":"Apartmani","publisher":{"@id":"https:\/\/apartments-haluga.com\/#organization"},"potentialAction":[{"@type":"SearchAction","target":{"@type":"EntryPoint","urlTemplate":"https:\/\/apartments-haluga.com\/?s={search_term_string}"},"query-input":{"@type":"PropertyValueSpecification","valueRequired":true,"valueName":"search_term_string"}}],"inLanguage":"hr"},{"@type":"Organization","@id":"https:\/\/apartments-haluga.com\/#organization","name":"Apartments Haluga","url":"https:\/\/apartments-haluga.com\/","logo":{"@type":"ImageObject","inLanguage":"hr","@id":"https:\/\/apartments-haluga.com\/#\/schema\/logo\/image\/","url":"https:\/\/apartments-haluga.com\/wp-content\/uploads\/2021\/01\/favicon.png","contentUrl":"https:\/\/apartments-haluga.com\/wp-content\/uploads\/2021\/01\/favicon.png","width":61,"height":84,"caption":"Apartments Haluga"},"image":{"@id":"https:\/\/apartments-haluga.com\/#\/schema\/logo\/image\/"}}]}},"_links":{"self":[{"href":"https:\/\/apartments-haluga.com\/hr\/wp-json\/wp\/v2\/pages\/41","targetHints":{"allow":["GET"]}}],"collection":[{"href":"https:\/\/apartments-haluga.com\/hr\/wp-json\/wp\/v2\/pages"}],"about":[{"href":"https:\/\/apartments-haluga.com\/hr\/wp-json\/wp\/v2\/types\/page"}],"author":[{"embeddable":true,"href":"https:\/\/apartments-haluga.com\/hr\/wp-json\/wp\/v2\/users\/1"}],"replies":[{"embeddable":true,"href":"https:\/\/apartments-haluga.com\/hr\/wp-json\/wp\/v2\/comments?post=41"}],"version-history":[{"count":0,"href":"https:\/\/apartments-haluga.com\/hr\/wp-json\/wp\/v2\/pages\/41\/revisions"}],"wp:attachment":[{"href":"https:\/\/apartments-haluga.com\/hr\/wp-json\/wp\/v2\/media?parent=41"}],"curies":[{"name":"wp","href":"https:\/\/api.w.org\/{rel}","templated":true}]}}