{"id":168,"date":"2018-06-05T04:15:54","date_gmt":"2018-06-05T04:15:54","guid":{"rendered":"http:\/\/multipurpose.loc\/hotel\/?page_id=168"},"modified":"2021-03-14T17:42:01","modified_gmt":"2021-03-14T17:42:01","slug":"contact-us","status":"publish","type":"page","link":"https:\/\/apartments-haluga.com\/hr\/contact-us\/","title":{"rendered":"KONTAKTIRAJTE NAS"},"content":{"rendered":"<section class=\"vc_section vc_custom_1537953987339\"><div class=\"container-fluid vc_container-fluid  vc_custom_1538134741352\" ><div class=\"vc_row wpb_row vc_row-fluid vc_row-has-fill vc_row-o-equal-height vc_row-o-content-middle vc_row-flex\"><div class=\"container\"><div class=\"row\"><div class=\"wpb_column vc_column_container vc_col-sm-6 vc_col-lg-4 vc_col-md-4 vc_col-xs-12\">\n    <div class=\"vc_column-inner vc_custom_1538133673472\">\n        <div class=\"wpb_wrapper\">\n            <div class=\"stm_spacer\">\n    <div class=\"visible-lg\" style=\"height: 30px;\"><\/div>\n    <div class=\"visible-md\" style=\"height: 30px;\"><\/div>\n    <div class=\"visible-sm\" style=\"height: 30px;\"><\/div>\n    <div class=\"visible-xs\" style=\"height: 30px;\"><\/div>\n<\/div>\n\t<div class=\"wpb_text_column wpb_content_element\" >\n\t\t<div class=\"wpb_wrapper\">\n\t\t\t<h3 style=\"font-size: 48px; line-height: 45px;\">Kontakti<\/h3>\n\n\t\t<\/div>\n\t<\/div>\n<div class=\"stm_spacer\">\n    <div class=\"visible-lg\" style=\"height: 43px;\"><\/div>\n    <div class=\"visible-md\" style=\"height: 43px;\"><\/div>\n    <div class=\"visible-sm\" style=\"height: 10px;\"><\/div>\n    <div class=\"visible-xs\" style=\"height: 10px;\"><\/div>\n<\/div>\n\n    <div class=\"stm_iconbox clearfix stm_iconbox_style_1 stm_iconbox69ea10f25333c text-left  stm_iconbox__icon-left clearfix\">\n                    <div class=\"stm_iconbox__icon\"\n                 style=\"width: 65px; height: 60px;\">\n                <i style=\"font-size:45px;color:#3a3138;font-weight: normal;\"\n                   class=\"custom stmicon-phone-call\">\n                <\/i>\n            <\/div>\n                <div class=\"stm_iconbox__text\">\n                            <h6 style=\"font-size:16px!important;\" class=\"no_line\"><span\n                            class=\"mtc_b\">Mobitel<\/span><\/h6>\n                        <div class=\"stm_iconbox__desc\">\n            <span class=\"stm_iconbox__dots\">\n                <span class=\"stm_iconbox__dot stm_iconbox__dot_first\"><\/span>\n                <span class=\"stm_iconbox__dot stm_iconbox__dot_second\"><\/span>\n                <span class=\"stm_iconbox__dot stm_iconbox__dot_third\"><\/span>\n            <\/span>\n                <h3 style=\"font-size: 22px;\">+(385) 98-9626-590<br \/>\n+(385) 99-253-8013<\/h3>\n            <\/div>\n        <\/div>\n    <\/div>\n<div class=\"stm_spacer\">\n    <div class=\"visible-lg\" style=\"height: 21px;\"><\/div>\n    <div class=\"visible-md\" style=\"height: 21px;\"><\/div>\n    <div class=\"visible-sm\" style=\"height: 20px;\"><\/div>\n    <div class=\"visible-xs\" style=\"height: 20px;\"><\/div>\n<\/div>\n\n    <div class=\"stm_iconbox clearfix stm_iconbox_style_1 stm_iconbox69ea10f253637 text-left  stm_iconbox__icon-left clearfix\">\n                    <div class=\"stm_iconbox__icon\"\n                 style=\"width: 65px; height: 60px;\">\n                <i style=\"font-size:46px;color:#3a3138;font-weight: normal;\"\n                   class=\"custom stmicon-maps-and-flags\">\n                <\/i>\n            <\/div>\n                <div class=\"stm_iconbox__text\">\n                            <h6 style=\"font-size:16px!important;\" class=\"no_line\"><span\n                            class=\"mtc_b\">Adresa<\/span><\/h6>\n                        <div class=\"stm_iconbox__desc\">\n            <span class=\"stm_iconbox__dots\">\n                <span class=\"stm_iconbox__dot stm_iconbox__dot_first\"><\/span>\n                <span class=\"stm_iconbox__dot stm_iconbox__dot_second\"><\/span>\n                <span class=\"stm_iconbox__dot stm_iconbox__dot_third\"><\/span>\n            <\/span>\n                <h3 style=\"font-size: 22px;\">Ul. Marina Dr\u017ei\u0107a 17<\/h3>\n<h3 style=\"font-size: 22px;\">23250 Pag<\/h3>\n            <\/div>\n        <\/div>\n    <\/div>\n<div class=\"stm_spacer\">\n    <div class=\"visible-lg\" style=\"height: 30px;\"><\/div>\n    <div class=\"visible-md\" style=\"height: 30px;\"><\/div>\n    <div class=\"visible-sm\" style=\"height: 30px;\"><\/div>\n    <div class=\"visible-xs\" style=\"height: 30px;\"><\/div>\n<\/div>        <\/div>\n    <\/div>\n<\/div><div data-stretch=\"right\" class=\"wpb_column vc_column_container vc_col-sm-6 vc_col-lg-8 vc_col-md-8 vc_col-xs-12\">\n    <div class=\"vc_column-inner vc_custom_1538133669144\">\n        <div class=\"wpb_wrapper\">\n            <div class=\"wpb_gmaps_widget wpb_content_element\"><div class=\"wpb_wrapper\"><div class=\"wpb_map_wraper\"><iframe loading=\"lazy\" src=\"https:\/\/www.google.com\/maps\/embed?pb=!1m14!1m8!1m3!1d2848.181148702804!2d15.0328359!3d44.4499566!3m2!1i1024!2i768!4f13.1!3m3!1m2!1s0x47623a8327f13b71%3A0xe23a3393fe749f49!2sUl.%20Marina%20Dr%C5%BEi%C4%87a%2017%2C%2023250%2C%20Pag!5e0!3m2!1sen!2shr!4v1610992777904!5m2!1sen!2shr\" width=\"600\" height=\"450\" frameborder=\"0\" style=\"border:0;\" allowfullscreen=\"\" aria-hidden=\"false\" tabindex=\"0\"><\/iframe><\/div><\/div><\/div>        <\/div>\n    <\/div>\n<\/div><\/div><\/div><\/div><\/div><\/section><div class=\"container vc_container  vc_custom_1531906799465\" ><div class=\"vc_row wpb_row vc_row-fluid\"><div class=\"wpb_column vc_column_container vc_col-sm-1\/5\">\n    <div class=\"vc_column-inner\">\n        <div class=\"wpb_wrapper\">\n                    <\/div>\n    <\/div>\n<\/div><div class=\"wpb_column vc_column_container vc_col-sm-3\/5\">\n    <div class=\"vc_column-inner\">\n        <div class=\"wpb_wrapper\">\n            <div class=\"stm_spacer\">\n    <div class=\"visible-lg\" style=\"height: 120px;\"><\/div>\n    <div class=\"visible-md\" style=\"height: 120px;\"><\/div>\n    <div class=\"visible-sm\" style=\"height: 70px;\"><\/div>\n    <div class=\"visible-xs\" style=\"height: 60px;\"><\/div>\n<\/div><h2 style=\"text-align: center\" class=\"vc_custom_heading vc_custom_1538545463737   stm_custom_heading__icon text-center\"><i class=\"stmicon-haircut position_top mtc\" ><\/i>Povratne Informacije<\/h2>\n<div class=\"wpcf7 no-js\" id=\"wpcf7-f1402-o1\" lang=\"en-US\" dir=\"ltr\" data-wpcf7-id=\"1402\">\n<div class=\"screen-reader-response\"><p role=\"status\" aria-live=\"polite\" aria-atomic=\"true\"><\/p> <ul><\/ul><\/div>\n<form action=\"\/hr\/wp-json\/wp\/v2\/pages\/168#wpcf7-f1402-o1\" method=\"post\" class=\"wpcf7-form init stm_cf7 stm_cf7_style_1\" aria-label=\"Contact form\" novalidate=\"novalidate\" data-status=\"init\" data-trp-original-action=\"\/hr\/wp-json\/wp\/v2\/pages\/168#wpcf7-f1402-o1\">\n<fieldset class=\"hidden-fields-container\"><input type=\"hidden\" name=\"_wpcf7\" value=\"1402\" \/><input type=\"hidden\" name=\"_wpcf7_version\" value=\"6.1.5\" \/><input type=\"hidden\" name=\"_wpcf7_locale\" value=\"en_US\" \/><input type=\"hidden\" name=\"_wpcf7_unit_tag\" value=\"wpcf7-f1402-o1\" \/><input type=\"hidden\" name=\"_wpcf7_container_post\" value=\"0\" \/><input type=\"hidden\" name=\"_wpcf7_posted_data_hash\" value=\"\" \/>\n<\/fieldset>\n<div class=\"row\">\n\t<div class=\"col-md-6\">\n\t\t<div class=\"form-group\">\n\t\t\t<p><span class=\"wpcf7-form-control-wrap\" data-name=\"text-989\"><input size=\"40\" maxlength=\"400\" class=\"wpcf7-form-control wpcf7-text wpcf7-validates-as-required\" aria-required=\"true\" aria-invalid=\"false\" placeholder=\"Ime\" value=\"\" type=\"text\" name=\"text-989\" \/><\/span>\n\t\t\t<\/p>\n\t\t<\/div>\n\t<\/div>\n\t<div class=\"col-md-6\">\n\t\t<div class=\"form-group\">\n\t\t\t<p><span class=\"wpcf7-form-control-wrap\" data-name=\"email-700\"><input size=\"40\" maxlength=\"400\" class=\"wpcf7-form-control wpcf7-email wpcf7-validates-as-required wpcf7-text wpcf7-validates-as-email\" aria-required=\"true\" aria-invalid=\"false\" placeholder=\"Email\" value=\"\" type=\"email\" name=\"email-700\" \/><\/span>\n\t\t\t<\/p>\n\t\t<\/div>\n\t<\/div>\n\t<div class=\"col-md-12\">\n\t\t<div class=\"form-group\">\n\t\t\t<p><span class=\"wpcf7-form-control-wrap\" data-name=\"textarea-382\"><textarea cols=\"40\" rows=\"10\" maxlength=\"2000\" class=\"wpcf7-form-control wpcf7-textarea wpcf7-validates-as-required\" aria-required=\"true\" aria-invalid=\"false\" placeholder=\"Poruka\" name=\"textarea-382\"><\/textarea><\/span>\n\t\t\t<\/p>\n\t\t<\/div>\n\t<\/div>\n\t<div class=\"col-md-12\">\n\t\t<div class=\"form-group text-center\">\n\t\t\t<p><button class=\"wpcf7-form-control wpcf7-submit btn btn_solid btn_primary\" type=\"submit\">Po\u0161alji<\/button>\n\t\t\t<\/p>\n\t\t<\/div>\n\t<\/div>\n<\/div><div class=\"wpcf7-response-output\" aria-hidden=\"true\"><\/div>\n<input type=\"hidden\" name=\"trp-form-language\" value=\"hr\"\/><\/form>\n<\/div>\n        <\/div>\n    <\/div>\n<\/div><div class=\"wpb_column vc_column_container vc_col-sm-1\/5\">\n    <div class=\"vc_column-inner\">\n        <div class=\"wpb_wrapper\">\n                    <\/div>\n    <\/div>\n<\/div><\/div><\/div>","protected":false},"excerpt":{"rendered":"Contacts Phone +(385) 98-9626-590 +(385) 99-253-8013 Address Ul. Marina Dr\u017ei\u0107a 17 23250 Pag Feedback Form Send Message","protected":false},"author":1,"featured_media":0,"parent":0,"menu_order":0,"comment_status":"closed","ping_status":"closed","template":"","meta":{"footnotes":""},"class_list":["post-168","page","type-page","status-publish","hentry"],"yoast_head":"<!-- This site is optimized with the Yoast SEO plugin v27.4 - https:\/\/yoast.com\/product\/yoast-seo-wordpress\/ -->\n<title>Contact us - Apartments Haluga<\/title>\n<meta name=\"description\" content=\"The Haluga family have been enjoying the beauties of the island of Pag for many decades. In 2020 they decided to share the enjoyment of vacationing with friends and relatives, and so the idea grew into these two home-felt appartments.\" \/>\n<meta name=\"robots\" content=\"index, follow, max-snippet:-1, max-image-preview:large, max-video-preview:-1\" \/>\n<link rel=\"canonical\" href=\"https:\/\/apartments-haluga.com\/hr\/contact-us\/\" \/>\n<meta property=\"og:locale\" content=\"hr_HR\" \/>\n<meta property=\"og:type\" content=\"article\" \/>\n<meta property=\"og:title\" content=\"Contact us - Apartments Haluga\" \/>\n<meta property=\"og:description\" content=\"The Haluga family have been enjoying the beauties of the island of Pag for many decades. In 2020 they decided to share the enjoyment of vacationing with friends and relatives, and so the idea grew into these two home-felt appartments.\" \/>\n<meta property=\"og:url\" content=\"https:\/\/apartments-haluga.com\/hr\/contact-us\/\" \/>\n<meta property=\"og:site_name\" content=\"Apartments Haluga\" \/>\n<meta property=\"article:modified_time\" content=\"2021-03-14T17:42:01+00:00\" \/>\n<meta name=\"twitter:card\" content=\"summary_large_image\" \/>\n<meta name=\"twitter:label1\" content=\"Procijenjeno vrijeme \u010ditanja\" \/>\n\t<meta name=\"twitter:data1\" content=\"1 minuta\" \/>\n<script type=\"application\/ld+json\" class=\"yoast-schema-graph\">{\"@context\":\"https:\\\/\\\/schema.org\",\"@graph\":[{\"@type\":\"WebPage\",\"@id\":\"https:\\\/\\\/apartments-haluga.com\\\/contact-us\\\/\",\"url\":\"https:\\\/\\\/apartments-haluga.com\\\/contact-us\\\/\",\"name\":\"Contact us - Apartments Haluga\",\"isPartOf\":{\"@id\":\"https:\\\/\\\/apartments-haluga.com\\\/#website\"},\"datePublished\":\"2018-06-05T04:15:54+00:00\",\"dateModified\":\"2021-03-14T17:42:01+00:00\",\"description\":\"The Haluga family have been enjoying the beauties of the island of Pag for many decades. In 2020 they decided to share the enjoyment of vacationing with friends and relatives, and so the idea grew into these two home-felt appartments.\",\"breadcrumb\":{\"@id\":\"https:\\\/\\\/apartments-haluga.com\\\/contact-us\\\/#breadcrumb\"},\"inLanguage\":\"hr\",\"potentialAction\":[{\"@type\":\"ReadAction\",\"target\":[\"https:\\\/\\\/apartments-haluga.com\\\/contact-us\\\/\"]}]},{\"@type\":\"BreadcrumbList\",\"@id\":\"https:\\\/\\\/apartments-haluga.com\\\/contact-us\\\/#breadcrumb\",\"itemListElement\":[{\"@type\":\"ListItem\",\"position\":1,\"name\":\"Home\",\"item\":\"https:\\\/\\\/apartments-haluga.com\\\/\"},{\"@type\":\"ListItem\",\"position\":2,\"name\":\"Contact us\"}]},{\"@type\":\"WebSite\",\"@id\":\"https:\\\/\\\/apartments-haluga.com\\\/#website\",\"url\":\"https:\\\/\\\/apartments-haluga.com\\\/\",\"name\":\"Apartments Haluga\",\"description\":\"Apartments\",\"publisher\":{\"@id\":\"https:\\\/\\\/apartments-haluga.com\\\/#organization\"},\"potentialAction\":[{\"@type\":\"SearchAction\",\"target\":{\"@type\":\"EntryPoint\",\"urlTemplate\":\"https:\\\/\\\/apartments-haluga.com\\\/?s={search_term_string}\"},\"query-input\":{\"@type\":\"PropertyValueSpecification\",\"valueRequired\":true,\"valueName\":\"search_term_string\"}}],\"inLanguage\":\"hr\"},{\"@type\":\"Organization\",\"@id\":\"https:\\\/\\\/apartments-haluga.com\\\/#organization\",\"name\":\"Apartments Haluga\",\"url\":\"https:\\\/\\\/apartments-haluga.com\\\/\",\"logo\":{\"@type\":\"ImageObject\",\"inLanguage\":\"hr\",\"@id\":\"https:\\\/\\\/apartments-haluga.com\\\/#\\\/schema\\\/logo\\\/image\\\/\",\"url\":\"https:\\\/\\\/apartments-haluga.com\\\/wp-content\\\/uploads\\\/2021\\\/01\\\/favicon.png\",\"contentUrl\":\"https:\\\/\\\/apartments-haluga.com\\\/wp-content\\\/uploads\\\/2021\\\/01\\\/favicon.png\",\"width\":61,\"height\":84,\"caption\":\"Apartments Haluga\"},\"image\":{\"@id\":\"https:\\\/\\\/apartments-haluga.com\\\/#\\\/schema\\\/logo\\\/image\\\/\"}}]}<\/script>\n<!-- \/ Yoast SEO plugin. -->","yoast_head_json":{"title":"Contact us - Apartments Haluga","description":"Obitelj Haluga ve\u0107 desetlje\u0107ima u\u017eiva u ljepotama otoka Paga. 2020. godine odlu\u010dili su u\u017eitak odmora podijeliti s prijateljima i rodbinom, i tako je ideja prerasla u ova dva apartmana s osje\u0107ajima domova.","robots":{"index":"index","follow":"follow","max-snippet":"max-snippet:-1","max-image-preview":"max-image-preview:large","max-video-preview":"max-video-preview:-1"},"canonical":"https:\/\/apartments-haluga.com\/hr\/contact-us\/","og_locale":"hr_HR","og_type":"article","og_title":"Contact us - Apartments Haluga","og_description":"The Haluga family have been enjoying the beauties of the island of Pag for many decades. In 2020 they decided to share the enjoyment of vacationing with friends and relatives, and so the idea grew into these two home-felt appartments.","og_url":"https:\/\/apartments-haluga.com\/hr\/contact-us\/","og_site_name":"Apartments Haluga","article_modified_time":"2021-03-14T17:42:01+00:00","twitter_card":"summary_large_image","twitter_misc":{"Procijenjeno vrijeme \u010ditanja":"1 minuta"},"schema":{"@context":"https:\/\/schema.org","@graph":[{"@type":"WebPage","@id":"https:\/\/apartments-haluga.com\/contact-us\/","url":"https:\/\/apartments-haluga.com\/contact-us\/","name":"Contact us - Apartments Haluga","isPartOf":{"@id":"https:\/\/apartments-haluga.com\/#website"},"datePublished":"2018-06-05T04:15:54+00:00","dateModified":"2021-03-14T17:42:01+00:00","description":"Obitelj Haluga ve\u0107 desetlje\u0107ima u\u017eiva u ljepotama otoka Paga. 2020. godine odlu\u010dili su u\u017eitak odmora podijeliti s prijateljima i rodbinom, i tako je ideja prerasla u ova dva apartmana s osje\u0107ajima domova.","breadcrumb":{"@id":"https:\/\/apartments-haluga.com\/contact-us\/#breadcrumb"},"inLanguage":"hr","potentialAction":[{"@type":"ReadAction","target":["https:\/\/apartments-haluga.com\/contact-us\/"]}]},{"@type":"BreadcrumbList","@id":"https:\/\/apartments-haluga.com\/contact-us\/#breadcrumb","itemListElement":[{"@type":"ListItem","position":1,"name":"Home","item":"https:\/\/apartments-haluga.com\/"},{"@type":"ListItem","position":2,"name":"Contact us"}]},{"@type":"WebSite","@id":"https:\/\/apartments-haluga.com\/#website","url":"https:\/\/apartments-haluga.com\/","name":"Apartments Haluga","description":"Apartmani","publisher":{"@id":"https:\/\/apartments-haluga.com\/#organization"},"potentialAction":[{"@type":"SearchAction","target":{"@type":"EntryPoint","urlTemplate":"https:\/\/apartments-haluga.com\/?s={search_term_string}"},"query-input":{"@type":"PropertyValueSpecification","valueRequired":true,"valueName":"search_term_string"}}],"inLanguage":"hr"},{"@type":"Organization","@id":"https:\/\/apartments-haluga.com\/#organization","name":"Apartments Haluga","url":"https:\/\/apartments-haluga.com\/","logo":{"@type":"ImageObject","inLanguage":"hr","@id":"https:\/\/apartments-haluga.com\/#\/schema\/logo\/image\/","url":"https:\/\/apartments-haluga.com\/wp-content\/uploads\/2021\/01\/favicon.png","contentUrl":"https:\/\/apartments-haluga.com\/wp-content\/uploads\/2021\/01\/favicon.png","width":61,"height":84,"caption":"Apartments Haluga"},"image":{"@id":"https:\/\/apartments-haluga.com\/#\/schema\/logo\/image\/"}}]}},"_links":{"self":[{"href":"https:\/\/apartments-haluga.com\/hr\/wp-json\/wp\/v2\/pages\/168","targetHints":{"allow":["GET"]}}],"collection":[{"href":"https:\/\/apartments-haluga.com\/hr\/wp-json\/wp\/v2\/pages"}],"about":[{"href":"https:\/\/apartments-haluga.com\/hr\/wp-json\/wp\/v2\/types\/page"}],"author":[{"embeddable":true,"href":"https:\/\/apartments-haluga.com\/hr\/wp-json\/wp\/v2\/users\/1"}],"replies":[{"embeddable":true,"href":"https:\/\/apartments-haluga.com\/hr\/wp-json\/wp\/v2\/comments?post=168"}],"version-history":[{"count":0,"href":"https:\/\/apartments-haluga.com\/hr\/wp-json\/wp\/v2\/pages\/168\/revisions"}],"wp:attachment":[{"href":"https:\/\/apartments-haluga.com\/hr\/wp-json\/wp\/v2\/media?parent=168"}],"curies":[{"name":"wp","href":"https:\/\/api.w.org\/{rel}","templated":true}]}}